{"id":114,"date":"2023-08-15T08:21:06","date_gmt":"2023-08-15T08:21:06","guid":{"rendered":"https:\/\/tj-energi.dk\/?post_type=product&#038;p=114"},"modified":"2023-08-21T21:32:07","modified_gmt":"2023-08-21T21:32:07","slug":"traepiller","status":"publish","type":"product","link":"https:\/\/tj-energi.dk\/index.php\/vare\/traepiller\/","title":{"rendered":"TR\u00c6PILLER"},"content":{"rendered":"<p>8 MM &#8211; TR\u00c6PILLER FRA SM\u00c5LAND<br \/>\n6 og 8 mm tr\u00e6pillen er yderst popul\u00e6r i Danmark blandt mange b\u00e5de nye og erfarne med pillefyr, da den har en h\u00f8j br\u00e6ndv\u00e6rdi p\u00e5 4,8 MWh \/ ton samt er sk\u00e5nsom mod din br\u00e6nder.<br \/>\nHar et meget lavt askeindhold p\u00e5 0,3%, hvilket g\u00f8r, at den er nemmere at h\u00e5ndtere. Har en fordelagtig fugtprocent p\u00e5 ca. 8%, som er gunstig for forbr\u00e6ndingen.<br \/>\nTr\u00e6pillen bliver leveret i s\u00e6kke af 16 kilo, hvilket g\u00f8r den let at anvende. Kommer p\u00e5 paller \u00e1 52 s\u00e6kke i alt 832 kilo.<\/p>\n<p>Egenskaberne g\u00f8r at \u00a08 mm er en foretrukken tr\u00e6pille, blandt mange danskere med pillefyr.<br \/>\nDe er svensk-produceret. Er KUN lavet af svenske r\u00e5vare af topkvalitet, hvilket giver tr\u00e6pillen dens h\u00f8je kvalitet.<br \/>\nEr en af de bedste tr\u00e6piller p\u00e5 markedet til ethvert pillefyr.<\/p>\n<p>1 PALLE : 900 kg<\/p>\n","protected":false},"excerpt":{"rendered":"<p>INFO OM FRAGT &amp; LEVERING:<br \/>\nSkriv i bem\u00e6rkninger om \u00f8nsket levering og vi kontakter dig om mulige fragtpriser.<\/p>\n<p>LEVERING : ca. 7 arbejdsdage<br \/>\nPrisen er inkl. moms<\/p>\n","protected":false},"featured_media":182,"comment_status":"open","ping_status":"closed","template":"","meta":[],"product_cat":[16],"product_tag":[],"class_list":["post-114","product","type-product","status-publish","has-post-thumbnail","hentry","product_cat-traepiller"],"_links":{"self":[{"href":"https:\/\/tj-energi.dk\/index.php\/wp-json\/wp\/v2\/product\/114","targetHints":{"allow":["GET"]}}],"collection":[{"href":"https:\/\/tj-energi.dk\/index.php\/wp-json\/wp\/v2\/product"}],"about":[{"href":"https:\/\/tj-energi.dk\/index.php\/wp-json\/wp\/v2\/types\/product"}],"replies":[{"embeddable":true,"href":"https:\/\/tj-energi.dk\/index.php\/wp-json\/wp\/v2\/comments?post=114"}],"wp:featuredmedia":[{"embeddable":true,"href":"https:\/\/tj-energi.dk\/index.php\/wp-json\/wp\/v2\/media\/182"}],"wp:attachment":[{"href":"https:\/\/tj-energi.dk\/index.php\/wp-json\/wp\/v2\/media?parent=114"}],"wp:term":[{"taxonomy":"product_cat","embeddable":true,"href":"https:\/\/tj-energi.dk\/index.php\/wp-json\/wp\/v2\/product_cat?post=114"},{"taxonomy":"product_tag","embeddable":true,"href":"https:\/\/tj-energi.dk\/index.php\/wp-json\/wp\/v2\/product_tag?post=114"}],"curies":[{"name":"wp","href":"https:\/\/api.w.org\/{rel}","templated":true}]}}