{"id":116,"date":"2023-08-15T08:25:06","date_gmt":"2023-08-15T08:25:06","guid":{"rendered":"https:\/\/tj-energi.dk\/?post_type=product&#038;p=116"},"modified":"2023-08-21T21:31:23","modified_gmt":"2023-08-21T21:31:23","slug":"briketter","status":"publish","type":"product","link":"https:\/\/tj-energi.dk\/index.php\/vare\/briketter\/","title":{"rendered":"TR\u00c6BRIKETTER"},"content":{"rendered":"<p>Lyse tr\u00e6briketter, som ogs\u00e5 kaldes RUF-briketter, er den mest solgte type briketter i Danmark.<br \/>\nDet er oftest de billigste briketter p\u00e5 markedet, s\u00e5 du f\u00e5r altid meget br\u00e6ndv\u00e6rdi for dine penge.<u><\/u><u><\/u><\/p>\n<p>Lyse tr\u00e6briketter er et rent naturprodukt, som er fremstillet af tr\u00e6smuld og sp\u00e5ner.<br \/>\nBriketterne k\u00f8bes p\u00e5 spotmarkedet, til laveste dagspris og kan stamme fra forskellige producenter.<br \/>\nBriketternes farve, struktur og indpakning kan derfor variere lidt, men vi sikrer, at briketterne altid indeholder den samme h\u00f8je br\u00e6ndv\u00e6rdi.<u><\/u><u><\/u><\/p>\n<p>Med lyse tr\u00e6briketter f\u00e5r du altid en god og billig briket, som er nem at t\u00e6nde op i. RUF briketterne er pakket med 10-12 briketter pr. pose, hver pose vejer 10 kilo.<br \/>\nDer er 96 poser p\u00e5 en palle, og man f\u00e5r alts\u00e5 960 kg. god br\u00e6ndsel.<\/p>\n<p>Br\u00e6ndv\u00e6rdien er p\u00e5 ca. 4300-4400 Kcal\/kg.<\/p>\n","protected":false},"excerpt":{"rendered":"<p>INFO OM FRAGT &amp; LEVERING:<br \/>\nSkriv i bem\u00e6rkninger om \u00f8nsket levering og vi kontakter dig om mulige fragtpriser.<\/p>\n<p>LEVERING : ca. 7 arbejdsdage<br \/>\nPrisen er inkl. moms<\/p>\n","protected":false},"featured_media":190,"comment_status":"open","ping_status":"closed","template":"","meta":[],"product_cat":[20],"product_tag":[],"class_list":["post-116","product","type-product","status-publish","has-post-thumbnail","hentry","product_cat-traebriketter"],"_links":{"self":[{"href":"https:\/\/tj-energi.dk\/index.php\/wp-json\/wp\/v2\/product\/116","targetHints":{"allow":["GET"]}}],"collection":[{"href":"https:\/\/tj-energi.dk\/index.php\/wp-json\/wp\/v2\/product"}],"about":[{"href":"https:\/\/tj-energi.dk\/index.php\/wp-json\/wp\/v2\/types\/product"}],"replies":[{"embeddable":true,"href":"https:\/\/tj-energi.dk\/index.php\/wp-json\/wp\/v2\/comments?post=116"}],"wp:featuredmedia":[{"embeddable":true,"href":"https:\/\/tj-energi.dk\/index.php\/wp-json\/wp\/v2\/media\/190"}],"wp:attachment":[{"href":"https:\/\/tj-energi.dk\/index.php\/wp-json\/wp\/v2\/media?parent=116"}],"wp:term":[{"taxonomy":"product_cat","embeddable":true,"href":"https:\/\/tj-energi.dk\/index.php\/wp-json\/wp\/v2\/product_cat?post=116"},{"taxonomy":"product_tag","embeddable":true,"href":"https:\/\/tj-energi.dk\/index.php\/wp-json\/wp\/v2\/product_tag?post=116"}],"curies":[{"name":"wp","href":"https:\/\/api.w.org\/{rel}","templated":true}]}}